{"id":68,"date":"2019-02-27T10:56:38","date_gmt":"2019-02-27T09:56:38","guid":{"rendered":"http:\/\/www.kawiarenka-teatralna.ndk.nysa.pl\/?page_id=68"},"modified":"2025-02-11T09:30:31","modified_gmt":"2025-02-11T08:30:31","slug":"test","status":"publish","type":"page","link":"http:\/\/www.kawiarenka-teatralna.ndk.nysa.pl\/index.php\/test\/","title":{"rendered":"Wynajem sali konferencyjnej Nysa centrum"},"content":{"rendered":"\n<p>Oferujemy wynaj\u0119cie przestrzeni kawiarenki dzia\u0142aj\u0105cej w Nyskim Domu Kultury. Jest to idealne miejsce do organizacji <strong>spotka\u0144 <\/strong>oraz wa\u017cnych wydarze\u0144 takich jak: <strong>konferencje<\/strong>, <strong>spotkania biznesowe<\/strong>, <strong>imprezy firmowe,<\/strong> <strong>mini koncerty<\/strong>,<strong> szkolenia<\/strong>, <strong>prezentacje<\/strong>. <br>Ta wyj\u0105tkowa przestrze\u0144 120 metr\u00f3w kwadratowych, na oko\u0142o 60 os\u00f3b. Dodatkowymi atutami s\u0105: <br>&#8211; dogodny dojazd (centrum Nysy), <br>&#8211; miejsca parkingowe, <br>&#8211; pe\u0142ne wyposa\u017cenie konferencyjne, <br>&#8211; kompleksowa obs\u0142uga cateringowa (bufet kawowy, przek\u0105ski), <br>&#8211; dowolno\u015b\u0107 aran\u017cacji powierzchni. <\/p>\n\n\n\n<figure class=\"wp-container-2 wp-block-gallery-1 wp-block-gallery has-nested-images columns-default is-cropped\">\n<figure class=\"wp-block-image size-large\"><a href=\"http:\/\/www.kawiarenka-teatralna.ndk.nysa.pl\/wp-content\/uploads\/2019\/09\/69752487_490728428159641_3267666326306422784_n.jpg\"><img loading=\"lazy\" width=\"1024\" height=\"768\" data-id=\"125\"  src=\"http:\/\/www.kawiarenka-teatralna.ndk.nysa.pl\/wp-content\/uploads\/2019\/09\/69752487_490728428159641_3267666326306422784_n-1024x768.jpg\" alt=\"\" class=\"wp-image-125\" srcset=\"http:\/\/www.kawiarenka-teatralna.ndk.nysa.pl\/wp-content\/uploads\/2019\/09\/69752487_490728428159641_3267666326306422784_n-1024x768.jpg 1024w, http:\/\/www.kawiarenka-teatralna.ndk.nysa.pl\/wp-content\/uploads\/2019\/09\/69752487_490728428159641_3267666326306422784_n-300x225.jpg 300w, http:\/\/www.kawiarenka-teatralna.ndk.nysa.pl\/wp-content\/uploads\/2019\/09\/69752487_490728428159641_3267666326306422784_n-768x576.jpg 768w, http:\/\/www.kawiarenka-teatralna.ndk.nysa.pl\/wp-content\/uploads\/2019\/09\/69752487_490728428159641_3267666326306422784_n.jpg 1984w\" sizes=\"(max-width: 767px) 89vw, (max-width: 1000px) 54vw, (max-width: 1071px) 543px, 580px\" \/><\/a><\/figure>\n\n\n\n<figure class=\"wp-block-image size-large\"><a href=\"http:\/\/www.kawiarenka-teatralna.ndk.nysa.pl\/wp-content\/uploads\/2019\/09\/69824870_531308794307929_5210565606662733824_n.jpg\"><img loading=\"lazy\" width=\"1024\" height=\"768\" data-id=\"126\"  src=\"http:\/\/www.kawiarenka-teatralna.ndk.nysa.pl\/wp-content\/uploads\/2019\/09\/69824870_531308794307929_5210565606662733824_n-1024x768.jpg\" alt=\"\" class=\"wp-image-126\" srcset=\"http:\/\/www.kawiarenka-teatralna.ndk.nysa.pl\/wp-content\/uploads\/2019\/09\/69824870_531308794307929_5210565606662733824_n-1024x768.jpg 1024w, http:\/\/www.kawiarenka-teatralna.ndk.nysa.pl\/wp-content\/uploads\/2019\/09\/69824870_531308794307929_5210565606662733824_n-300x225.jpg 300w, http:\/\/www.kawiarenka-teatralna.ndk.nysa.pl\/wp-content\/uploads\/2019\/09\/69824870_531308794307929_5210565606662733824_n-768x576.jpg 768w, http:\/\/www.kawiarenka-teatralna.ndk.nysa.pl\/wp-content\/uploads\/2019\/09\/69824870_531308794307929_5210565606662733824_n.jpg 1984w\" sizes=\"(max-width: 767px) 89vw, (max-width: 1000px) 54vw, (max-width: 1071px) 543px, 580px\" \/><\/a><\/figure>\n\n\n\n<figure class=\"wp-block-image size-large\"><a href=\"http:\/\/www.kawiarenka-teatralna.ndk.nysa.pl\/wp-content\/uploads\/2019\/09\/70305991_712807345812551_2339985379286843392_n.jpg\"><img loading=\"lazy\" width=\"1024\" height=\"768\" data-id=\"129\"  src=\"http:\/\/www.kawiarenka-teatralna.ndk.nysa.pl\/wp-content\/uploads\/2019\/09\/70305991_712807345812551_2339985379286843392_n-1024x768.jpg\" alt=\"\" class=\"wp-image-129\" srcset=\"http:\/\/www.kawiarenka-teatralna.ndk.nysa.pl\/wp-content\/uploads\/2019\/09\/70305991_712807345812551_2339985379286843392_n-1024x768.jpg 1024w, http:\/\/www.kawiarenka-teatralna.ndk.nysa.pl\/wp-content\/uploads\/2019\/09\/70305991_712807345812551_2339985379286843392_n-300x225.jpg 300w, http:\/\/www.kawiarenka-teatralna.ndk.nysa.pl\/wp-content\/uploads\/2019\/09\/70305991_712807345812551_2339985379286843392_n-768x576.jpg 768w, http:\/\/www.kawiarenka-teatralna.ndk.nysa.pl\/wp-content\/uploads\/2019\/09\/70305991_712807345812551_2339985379286843392_n.jpg 1984w\" sizes=\"(max-width: 767px) 89vw, (max-width: 1000px) 54vw, (max-width: 1071px) 543px, 580px\" \/><\/a><\/figure>\n\n\n\n<figure class=\"wp-block-image size-large\"><a href=\"http:\/\/www.kawiarenka-teatralna.ndk.nysa.pl\/wp-content\/uploads\/2019\/10\/IMG_20191010_105515-1.jpg\"><img loading=\"lazy\" width=\"1024\" height=\"768\" data-id=\"147\"  src=\"http:\/\/www.kawiarenka-teatralna.ndk.nysa.pl\/wp-content\/uploads\/2019\/10\/IMG_20191010_105515-1-1024x768.jpg\" alt=\"\" class=\"wp-image-147\" srcset=\"http:\/\/www.kawiarenka-teatralna.ndk.nysa.pl\/wp-content\/uploads\/2019\/10\/IMG_20191010_105515-1-1024x768.jpg 1024w, http:\/\/www.kawiarenka-teatralna.ndk.nysa.pl\/wp-content\/uploads\/2019\/10\/IMG_20191010_105515-1-300x225.jpg 300w, http:\/\/www.kawiarenka-teatralna.ndk.nysa.pl\/wp-content\/uploads\/2019\/10\/IMG_20191010_105515-1-768x576.jpg 768w\" sizes=\"(max-width: 767px) 89vw, (max-width: 1000px) 54vw, (max-width: 1071px) 543px, 580px\" \/><\/a><\/figure>\n\n\n\n<figure class=\"wp-block-image size-large\"><a href=\"http:\/\/www.kawiarenka-teatralna.ndk.nysa.pl\/wp-content\/uploads\/2019\/10\/IMG_20191010_104724-2.jpg\"><img loading=\"lazy\" width=\"768\" height=\"1024\" data-id=\"149\"  src=\"http:\/\/www.kawiarenka-teatralna.ndk.nysa.pl\/wp-content\/uploads\/2019\/10\/IMG_20191010_104724-2-768x1024.jpg\" alt=\"\" class=\"wp-image-149\" srcset=\"http:\/\/www.kawiarenka-teatralna.ndk.nysa.pl\/wp-content\/uploads\/2019\/10\/IMG_20191010_104724-2-768x1024.jpg 768w, http:\/\/www.kawiarenka-teatralna.ndk.nysa.pl\/wp-content\/uploads\/2019\/10\/IMG_20191010_104724-2-225x300.jpg 225w\" sizes=\"(max-width: 767px) 89vw, (max-width: 1000px) 54vw, (max-width: 1071px) 543px, 580px\" \/><\/a><\/figure>\n<\/figure>\n\n\n\n<p>Cena wynaj\u0119cia kawiarenki to 500 z\u0142 netto plus 23% vat za pierwsz\u0105 godzin\u0119, <br>za ka\u017cd\u0105 kolejn\u0105 godzin\u0119 100 z\u0142 netto plus 23% vat. <\/p>\n\n\n\n<p>Osoba do kontaktu: 77 433 33 37<\/p>\n\n\n\n<p><\/p>\n\n\n\n<figure class=\"wp-block-image\"><img loading=\"lazy\" width=\"1024\" height=\"729\" src=\"http:\/\/www.kawiarenka-teatralna.ndk.nysa.pl\/wp-content\/uploads\/2019\/09\/oferta-xxx-1024x729.jpg\" alt=\"\" class=\"wp-image-130\" srcset=\"http:\/\/www.kawiarenka-teatralna.ndk.nysa.pl\/wp-content\/uploads\/2019\/09\/oferta-xxx-1024x729.jpg 1024w, http:\/\/www.kawiarenka-teatralna.ndk.nysa.pl\/wp-content\/uploads\/2019\/09\/oferta-xxx-300x214.jpg 300w, http:\/\/www.kawiarenka-teatralna.ndk.nysa.pl\/wp-content\/uploads\/2019\/09\/oferta-xxx-768x547.jpg 768w, http:\/\/www.kawiarenka-teatralna.ndk.nysa.pl\/wp-content\/uploads\/2019\/09\/oferta-xxx.jpg 1649w\" sizes=\"(max-width: 767px) 89vw, (max-width: 1000px) 54vw, (max-width: 1071px) 543px, 580px\" \/><\/figure>\n","protected":false},"excerpt":{"rendered":"<p>Oferujemy wynaj\u0119cie przestrzeni kawiarenki dzia\u0142aj\u0105cej w Nyskim Domu Kultury. Jest to idealne miejsce do organizacji spotka\u0144 oraz wa\u017cnych wydarze\u0144 takich jak: konferencje, spotkania biznesowe, imprezy firmowe, mini koncerty, szkolenia, prezentacje. Ta wyj\u0105tkowa przestrze\u0144 120 metr\u00f3w kwadratowych, na oko\u0142o 60 os\u00f3b. Dodatkowymi atutami s\u0105: &#8211; dogodny dojazd (centrum Nysy), &#8211; miejsca parkingowe, &#8211; pe\u0142ne wyposa\u017cenie konferencyjne, &hellip; <\/p>\n<p class=\"link-more\"><a href=\"http:\/\/www.kawiarenka-teatralna.ndk.nysa.pl\/index.php\/test\/\" class=\"more-link\">Czytaj dalej<span class=\"screen-reader-text\"> \u201eWynajem sali konferencyjnej Nysa centrum\u201d<\/span><\/a><\/p>\n","protected":false},"author":1,"featured_media":341,"parent":0,"menu_order":0,"comment_status":"closed","ping_status":"closed","template":"","meta":[],"_links":{"self":[{"href":"http:\/\/www.kawiarenka-teatralna.ndk.nysa.pl\/index.php\/wp-json\/wp\/v2\/pages\/68"}],"collection":[{"href":"http:\/\/www.kawiarenka-teatralna.ndk.nysa.pl\/index.php\/wp-json\/wp\/v2\/pages"}],"about":[{"href":"http:\/\/www.kawiarenka-teatralna.ndk.nysa.pl\/index.php\/wp-json\/wp\/v2\/types\/page"}],"author":[{"embeddable":true,"href":"http:\/\/www.kawiarenka-teatralna.ndk.nysa.pl\/index.php\/wp-json\/wp\/v2\/users\/1"}],"replies":[{"embeddable":true,"href":"http:\/\/www.kawiarenka-teatralna.ndk.nysa.pl\/index.php\/wp-json\/wp\/v2\/comments?post=68"}],"version-history":[{"count":24,"href":"http:\/\/www.kawiarenka-teatralna.ndk.nysa.pl\/index.php\/wp-json\/wp\/v2\/pages\/68\/revisions"}],"predecessor-version":[{"id":342,"href":"http:\/\/www.kawiarenka-teatralna.ndk.nysa.pl\/index.php\/wp-json\/wp\/v2\/pages\/68\/revisions\/342"}],"wp:featuredmedia":[{"embeddable":true,"href":"http:\/\/www.kawiarenka-teatralna.ndk.nysa.pl\/index.php\/wp-json\/wp\/v2\/media\/341"}],"wp:attachment":[{"href":"http:\/\/www.kawiarenka-teatralna.ndk.nysa.pl\/index.php\/wp-json\/wp\/v2\/media?parent=68"}],"curies":[{"name":"wp","href":"https:\/\/api.w.org\/{rel}","templated":true}]}}