{"id":90,"date":"2019-02-27T18:03:47","date_gmt":"2019-02-27T17:03:47","guid":{"rendered":"http:\/\/www.kawiarenka-teatralna.ndk.nysa.pl\/?page_id=90"},"modified":"2025-09-12T11:50:39","modified_gmt":"2025-09-12T09:50:39","slug":"90-2","status":"publish","type":"page","link":"http:\/\/www.kawiarenka-teatralna.ndk.nysa.pl\/","title":{"rendered":"Witamy"},"content":{"rendered":"\n<p> Ten niesamowity zak\u0105tek jest fabryk\u0105 inspiracji i pomys\u0142\u00f3w.<br> KAWIARENKA TEATRALNA<br> Stworzona jest dla Ciebie! <\/p>\n\n\n\n<p class=\"has-medium-font-size\"><strong>KASA BILETOWA Z BILETAMI NA WYDARZENIA NDK!<\/strong><\/p>\n\n\n\n<p class=\"has-medium-font-size\">OD WTORKU DO PI\u0104TKU OD <strong>8:30 DO 15:00<\/strong><br> W KAWIARENCE TEATRALNEJ DZIA\u0141A <br><strong>KASA BILETOWA NYSKIEGO DOMU KULTURY<\/strong><\/p>\n\n\n\n<p class=\"has-medium-font-size\">ZAPRASZAMY!<\/p>\n","protected":false},"excerpt":{"rendered":"<p>Ten niesamowity zak\u0105tek jest fabryk\u0105 inspiracji i pomys\u0142\u00f3w. KAWIARENKA TEATRALNA Stworzona jest dla Ciebie! KASA BILETOWA Z BILETAMI NA WYDARZENIA NDK! OD WTORKU DO PI\u0104TKU OD 8:30 DO 15:00 W KAWIARENCE TEATRALNEJ DZIA\u0141A KASA BILETOWA NYSKIEGO DOMU KULTURY ZAPRASZAMY!<\/p>\n","protected":false},"author":1,"featured_media":0,"parent":0,"menu_order":0,"comment_status":"closed","ping_status":"closed","template":"","meta":[],"_links":{"self":[{"href":"http:\/\/www.kawiarenka-teatralna.ndk.nysa.pl\/index.php\/wp-json\/wp\/v2\/pages\/90"}],"collection":[{"href":"http:\/\/www.kawiarenka-teatralna.ndk.nysa.pl\/index.php\/wp-json\/wp\/v2\/pages"}],"about":[{"href":"http:\/\/www.kawiarenka-teatralna.ndk.nysa.pl\/index.php\/wp-json\/wp\/v2\/types\/page"}],"author":[{"embeddable":true,"href":"http:\/\/www.kawiarenka-teatralna.ndk.nysa.pl\/index.php\/wp-json\/wp\/v2\/users\/1"}],"replies":[{"embeddable":true,"href":"http:\/\/www.kawiarenka-teatralna.ndk.nysa.pl\/index.php\/wp-json\/wp\/v2\/comments?post=90"}],"version-history":[{"count":23,"href":"http:\/\/www.kawiarenka-teatralna.ndk.nysa.pl\/index.php\/wp-json\/wp\/v2\/pages\/90\/revisions"}],"predecessor-version":[{"id":344,"href":"http:\/\/www.kawiarenka-teatralna.ndk.nysa.pl\/index.php\/wp-json\/wp\/v2\/pages\/90\/revisions\/344"}],"wp:attachment":[{"href":"http:\/\/www.kawiarenka-teatralna.ndk.nysa.pl\/index.php\/wp-json\/wp\/v2\/media?parent=90"}],"curies":[{"name":"wp","href":"https:\/\/api.w.org\/{rel}","templated":true}]}}